{"id":164,"date":"2012-09-23T17:25:57","date_gmt":"2012-09-23T15:25:57","guid":{"rendered":"http:\/\/web.xbrleurope.org\/?p=164"},"modified":"2026-02-10T18:29:38","modified_gmt":"2026-02-10T17:29:38","slug":"past-events","status":"publish","type":"page","link":"https:\/\/www.xbrleurope.org\/?page_id=164","title":{"rendered":"Past Events"},"content":{"rendered":"XBRL International, its jurisdictions and XBRL Europe sponsor regular meetings, conferences, training sessions, workshops and symposiums throughout the year.\n<p style=\"margin-left: 40px;\">Should you have &#8211; or wish to have &#8211; further details, please <a href=\"mailto:info@xbrl-eu.org\">contact us.<\/a><\/p>\n\n<ul>\n \t<li><a href=\"https:\/\/www.xbrleurope.org\/?p=8151\">Data Amplified Virtual &#8211;<\/a> 11 December 2025<\/li>\n<\/ul>\n<ul>\n \t<li><a href=\"https:\/\/www.xbrleurope.org\/?p=7493\">Digital Reporting in Europe (Frankfurt, 3-5 June 2025)<\/a><\/li>\n \t<li>Webinar: Unlocking the Power of XBRL for EST &amp; AI: <a href=\"https:\/\/www.xbrleurope.org\/?p=7529\">Unlocking the Power of XBRL for ESG &amp; AI \u2013 presentations and videos<\/a><\/li>\n \t<li><a href=\"https:\/\/www.xbrleurope.org\/?p=6631\">32nd XBRL Europe Days in Valletta (Malta) &#8211; 23-24 May 2024<\/a><\/li>\n<\/ul>\n\n<ul>\n \t<li>17 November 2023 &#8211; Accountancy Europe XBRL Europe Workshop in Brussels (by invitation only) &#8211; <a href=\"https:\/\/accountancyeurope.eu\/events\/working-together-for-effective-esef-audit\/\" target=\"_blank\" rel=\"noopener\">Discover<\/a><\/li>\n \t<li><a href=\"https:\/\/www.xbrleurope.org\/?p=6074\">22 &#8211; 23 May 2023 &#8211; 31st XBRL Europe Day in Rome (Italy)<\/a><\/li>\n \t<li>15 november 2022 &#8211; <a href=\"https:\/\/www.xbrleurope.org\/?p=5945\">ESEF: Block tagging and the way forwards<\/a><\/li>\n \t<li><a class=\"first\" href=\"https:\/\/www.xbrleurope.org\/?p=5268\">13-14 June 2022 \u2013 30th XBRL Europe Conference in Paris (France)<\/a><\/li>\n \t<li><a class=\"first\" href=\"https:\/\/www.xbrleurope.org\/?p=5218\">15 March 2022 \u2013 From ESEF to Sustainability\/ESG Reporting \u2013 An XBRL Europe webinar <\/a><\/li>\n \t<li>22-24 November 2021 &#8211; <a href=\"https:\/\/www.xbrleurope.org\/?p=4878\">29th XBRL Europe Digital Week ON ESEF<\/a><\/li>\n \t<li>23-24 June 2021 &#8211; <a href=\"https:\/\/www.xbrleurope.org\/?p=4480\">28th XBRL Europe Digital Week<\/a><\/li>\n \t<li>27-29th april 2021 &#8211; <a href=\"https:\/\/www.xbrleurope.org\/?p=4215\">27th XBRL Europ Digital Week on ESEF<\/a><\/li>\n \t<li>27 april 2021 &#8211; <a href=\"https:\/\/www.xbrleurope.org\/?p=4246\">XBRL Europe digital event on ESEF 1st remittances<\/a><\/li>\n \t<li>28 april 2021 &#8211; <a class=\"first\" href=\"https:\/\/www.xbrlfrance.org\/?p=1379\">Ev\u00e9nement num\u00e9rique XBRL France sur les 1\u00e8res remises ESEF <\/a><\/li>\n \t<li>29 April\u00a0 2021 &#8211; <a href=\"https:\/\/www.xbrleurope.org\/?p=4302\">ESEF Use Cases<\/a><\/li>\n \t<li>14-16 april 2021 &#8211; Data Amplified Virtuel &#8211; <a href=\"https:\/\/web.cvent.com\/event\/27911b88-ed4b-42d6-92c4-03b8df903d2d\/\">Registration\u00a0<\/a><\/li>\n \t<li>17 December 2020 &#8211; Celebration of hope &#8211; <a href=\"https:\/\/2020.eurofiling.info\/\">Eurofiling<\/a><\/li>\n \t<li>16 December 2020 &#8211; Madrid &#8211; <a href=\"https:\/\/xbrl.es\/wp\/jornada-xbrl-espana-2020\/\">Jornada XBRL Espana 2020<\/a><\/li>\n \t<li><strong><a href=\"https:\/\/www.xbrleurope.org\/?p=3831\">26th XBRL Europe &amp; national XBRL Jurisdictions Digital week on ESEF &#8211; 1\/4 December 2020<\/a><\/strong><\/li>\n \t<li><a href=\"https:\/\/www.xbrleurope.org\/?p=3112(opens%20in%20a new tab)\" target=\"_blank\" rel=\"noopener noreferrer\" data-wplink-url-error=\"true\"><strong>25<sup>th<\/sup> XBRL Europe Day Digital Week &#8211; On line confrence &#8211; 15\/18 June 2020<\/strong><\/a><\/li>\n \t<li><strong><a href=\"https:\/\/www.xbrleurope.org\/?p=2600\">24th XBRL Europe Day in Milan &#8211; 5 &amp; 6 February 2020<\/a><\/strong><\/li>\n \t<li><strong><a href=\"http:\/\/web.xbrlfrance.org\/?p=884\">Conference XBRL France in Paris &#8211; 17 December 2019<\/a><\/strong><\/li>\n \t<li><strong><a href=\"https:\/\/www.cefpro.com\/forthcoming-events\/xbrl?utm_source=calendar&amp;utm_medium=calendar&amp;utm_campaign=xbrl%20uk\" target=\"_blank\" rel=\"noopener noreferrer\">14 November 2019 &#8211; CefPro XBRL: Digital Financial Reporting Forum, London &#8211; <\/a>Conference on ESEF organized by CefPro with the support of XBRL Europe and XBRL UK<\/strong><\/li>\n \t<li>\u00a0<strong><a href=\"https:\/\/www.dataamplified.org\/\">Data amplified 2019 in Shangai<\/a>&#8211; Shangai, <\/strong><strong>22-24 October 2019<\/strong><\/li>\n \t<li><a href=\"https:\/\/www.xbrleurope.org\/?p=2302\">23rd XBRL Europe Day in Paris<\/a><strong> \u2013 <\/strong>28-29 May 2019\nACPR-Banque de France<\/li>\n \t<li><a href=\"https:\/\/www.sbr-nl.nl\/sbr-international\/seminar-reporting-standards?utm_source=Master+List&amp;utm_campaign=01077b4ba3-EMAIL_CAMPAIGN_2018_09_27_12_11_COPY_01&amp;utm_medium=email&amp;utm_term=0_da5920711b-01077b4ba3-183263497\">International Seminar on Digitilization and Reporting Standards organised<\/a> by the SBR program in the NL <em>(supported by XBRL Europe) <\/em>4 june 2019 \u2013 Bruxelles<\/li>\n \t<li><a href=\"https:\/\/www.xbrl.org\/events\/xbrl-nordic-iv-conference\/\">XBRL Nordic IV Conference<\/a><a href=\"https:\/\/xbrl.us3.list-manage.com\/track\/click?u=fbbc983fbc59adb89ff279b5b&amp;id=164f7af8ca&amp;e=9d91c45bde\"><strong> &#8211;\u00a0<\/strong><\/a>28 March 2019\nDanish Business Authority &#8211; Copenhagen<\/li>\n \t<li><a href=\"https:\/\/www.xbrleurope.org\/?p=1414\">22th XBRL Europe Day &#8211; Rome &#8211; February 7-8, 2019<\/a><\/li>\n \t<li><a href=\"http:\/\/www.xbrlfrance.org\">XBRL France conference on digital reporting and ESEF<\/a> &#8211; Paris &#8211; 6 December 2018<\/li>\n \t<li><a href=\"https:\/\/www.xbrleurope.org\/?p=1280\">XBRL UK<\/a> announces an ESEF Conference held and organized at the Financial Reporting Council &#8211; London &#8211; 6 December 2018<\/li>\n \t<li><a href=\"https:\/\/www.sbr-nl.nl\/english\/seminar-reporting-standards\/\" target=\"_blank\" rel=\"noopener noreferrer\">SBR and XBRL NL &#8211; International conference<\/a> &#8211; Brussels &#8211; 27 November 2018<\/li>\n \t<li><a href=\"https:\/\/www.xbrleurope.org\/?p=1204\" target=\"_blank\" rel=\"noopener noreferrer\">XBRL Finland Seminar on ESEF<\/a> &#8211; Helsinki &#8211; 26 November 2018<\/li>\n \t<li><a href=\"https:\/\/www.dataamplified.org\/\" target=\"_blank\" rel=\"noopener noreferrer\">Dataamplified 2018<\/a> &#8211; Dubai &#8211; 13 to 15 November 2018<\/li>\n \t<li><a href=\"https:\/\/www.xbrleurope.org\/?p=1195\" target=\"_blank\" rel=\"noopener noreferrer\">XBRL Sweden conference on ESEF<\/a>, Stockholm, 4 October 2018<\/li>\n \t<li>XBRL Italy conference on ESEF, Rome, 28 September 2018<\/li>\n \t<li><a href=\"http:\/\/web.xbrleurope.org\/?p=936\">21th XBRL Europe Day<\/a>, Warsaw, May 30 2018<\/li>\n \t<li><a href=\"http:\/\/web.xbrleurope.org\/?p=559\">20th XBRL Europe Day<\/a><a href=\"https:\/\/www.xbrleurope.org\/events\/upcoming-events\/78-latest-news\/174-20th-xbrl-europe-day-1st-of-february-2018-copenhagen-save-the-date\">,<\/a> Copenhagen, Januray 31, February 1, 2018<\/li>\n \t<li><a href=\"https:\/\/www.xbrl.org\/events\/xbrl-nordic-iii-conference-2017\/\" target=\"_blank\" rel=\"noopener noreferrer\">XBRL Nordic III<\/a>, November 27, 2017<\/li>\n \t<li><a href=\"https:\/\/www.dataamplified.org\/\" target=\"_blank\" rel=\"noopener noreferrer\">Data Amplified<\/a>, Paris, November 6-8, 2017<\/li>\n \t<li><a title=\"18th XBRL Europe Day - February 16, 2017. Amsterdam, The Netherlands - REGISTRATION IS OPEN\" href=\"http:\/\/web.xbrleurope.org\/wp-admin\/index.php?option=com_content&amp;view=article&amp;id=148&amp;catid=78\">19th XBRL Europe Day<\/a>, Frankfurt, June 6-8, 2017<\/li>\n \t<li><a title=\"18th XBRL Europe Day - February 16, 2017. Amsterdam, The Netherlands - REGISTRATION IS OPEN\" href=\"http:\/\/web.xbrleurope.org\/wp-admin\/index.php?option=com_content&amp;view=article&amp;id=148&amp;catid=78\">18th XBRL Europe Day<\/a>, Amsterdam, February 16, 2017<\/li>\n \t<li>17th XBRL Europe Day &amp; 22nd Eurofiling Workshop: Frankfurt, June 3, 2016<\/li>\n \t<li><a title=\"16th XBRL Europe day in Paris - 2nd of February 2016 - Registration is open\" href=\"http:\/\/web.xbrleurope.org\/wp-admin\/index.php?option=com_content&amp;view=article&amp;id=137&amp;catid=78\">16th XBRL Europe Day in Paris<\/a>, February 2, 2016<\/li>\n \t<li><a title=\"\" href=\"http:\/\/xbrleurope.org\/component\/content\/article\/78-latest-news\/132-15th-xbrl-europe-day-21st-eurofiling-workshop-xbrl-week-in-madrid-in-june-2015-save-the-date\">15<sup>th<\/sup> XBRL Europe day &amp; 21<sup>st<\/sup>\u00a0Eurofiling Workshop<\/a>, Madrid, June 1-3, 2015<\/li>\n \t<li><a title=\"\" href=\"http:\/\/www.ecrforum.org\/conference\/2015-spain\/\">ECRF Conference<\/a> , Madrid, June 2-5, 2015<\/li>\n \t<li><a title=\"\" href=\"http:\/\/conference.xbrl.org\/\">28<sup>th<\/sup> XBRL International Conference<\/a>, Copenhagen, September 8-10, 2015<\/li>\n \t<li><a title=\"\" href=\"http:\/\/www.xbrlfrance.org\/\">XBRL France &amp; XBRL Europe Solvency II Conference<\/a>, Paris, November, 2015<\/li>\n \t<li><a title=\"\" href=\"http:\/\/www.bolagsverket.se\/en\/us\/about\/nordic-meeting\/welcome-to-the-nordic-meeting-regarding-digital-filing-of-accounting-data-2015-in-sundsvall-1.9223\">Nordic XBRL Meeting<\/a>, Sundsvall, January 17, 2015<\/li>\n \t<li><a href=\"http:\/\/www.eurofiling.info\/201411\/index.shtml\" target=\"_blank\" rel=\"noopener noreferrer\">14th XBRL EU Day &amp; 20th Eurofiling Workshop &#8211; XBRL Week<\/a>, Brussels, November 14-27, 2014<\/li>\n \t<li><a href=\"http:\/\/www.xbrl.es\/es\/jornada-solvencia-ii-xbrl\/\" target=\"_blank\" rel=\"noopener noreferrer\">Solvency II and XBRL<\/a>, Madrid, October 18, 2014<\/li>\n \t<li><a href=\"http:\/\/conference.xbrl.org\/\" target=\"_blank\" rel=\"noopener noreferrer\">27th XBRL International Conference <\/a>, Orlando, June 9-11, 2014<\/li>\n \t<li><a href=\"http:\/\/www.eurofiling.info\/201405\/index.shtml\" target=\"_blank\" rel=\"noopener noreferrer\">13th XBRL EU Day &amp; 19th Eurofiling Workshop &#8211; XBRL Week<\/a>, Rome, May 5-7, 2014<\/li>\n \t<li><a href=\"http:\/\/www.eurofiling.info\/201312\/index.shtml\" target=\"_blank\" rel=\"noopener noreferrer\">12th XBRL Europe Day &amp; 18th Eurofiling Workshop<\/a>, Luxembourg, December 9-12, 2013<\/li>\n \t<li><a href=\"http:\/\/www.eurofiling.info\/201306\/index.shtml\" target=\"_blank\" rel=\"noopener noreferrer\">11th XBRL Europe Day &amp; General Assembly &amp; 17th Eurofiling workshop<\/a>, London, June 18-19, 2013<\/li>\n \t<li><a href=\"http:\/\/www.conference.eurofiling.info\/\">CRD IV\/Basel III Conference organised by XBRL UK and XBRL Europe<\/a>, London, June, 17,\u00a0 2013<\/li>\n \t<li>26<sup>th<\/sup> XBRL International Conference, Dublin, April 16-18, 2013<\/li>\n \t<li>Eurofiling CEN WS XBRL meeting (restricted), Dublin, April 19, 2013<\/li>\n \t<li><a title=\"2012 December 13, 10th XBRL Europe day Frankfurt, Germany\" href=\"index.php?option=com_content&amp;view=article&amp;id=100&amp;catid=78\">10th XBRL Europe Day<\/a>, Frankfurt, December 13, 2012<\/li>\n \t<li><a href=\"http:\/\/www.eurofiling.info\/201212\/\">16th Eurofiling XBRL and CEN workshops<\/a>, Frankfurt Germany, December 12, 2012<\/li>\n \t<li><a href=\"http:\/\/www.regonline.com\/Register\/Checkin.aspx?EventID=1124620\">25th International Conference<\/a>, Yokohama, <span style=\"display: inline !important; float: none; background-color: transparent; color: #333333; cursor: text; font-family: Georgia,'Times New Roman','Bitstream Charter',Times,serif; font-size: 16px; font-style: normal; font-variant: normal; font-weight: 400; letter-spacing: normal; orphans: 2; text-align: left; text-decoration: none; text-indent: 0px; text-transform: none; -webkit-text-stroke-width: 0px; white-space: normal; word-spacing: 0px;\">November 6-8, 2012<\/span><\/li>\n \t<li><a title=\"2012 October 23, XBRL Solvency II French Speaking conference\" href=\"index.php?option=com_content&amp;view=article&amp;id=88&amp;catid=78\">XBRL Solvency II French Speaking Conference<\/a>, Paris, October 23, 2012<\/li>\n \t<li><a class=\"ListTitleLink\" href=\"http:\/\/www.xbrl.org\/event\/xbrl-nordic-seminar\" target=\"_blank\" rel=\"noopener noreferrer\">XBRL Nordic Seminar<\/a>, <span style=\"color: #000000;\">June 7, 2012<\/span><\/li>\n \t<li><a class=\"ListTitleLink\" href=\"http:\/\/eurofiling.info\/15th_workshop\/RegistrationMayMadrid.doc\" target=\"_blank\" rel=\"noopener noreferrer\">15th Eurofiling XBRL Workshop &amp; Train the trainers Track<\/a>, <span style=\"color: #000000;\">Madrid, May 31, 2012<\/span><\/li>\n \t<li><a class=\"ListTitleLink\" href=\"http:\/\/eurofiling.info\/15th_workshop\/RegistrationMayMadrid.doc\" target=\"_blank\" rel=\"noopener noreferrer\">9th XBRL Europe Day &amp; General Assembly<\/a><span style=\"color: #000000;\">, Madrid, May 31, 2012<\/span><\/li>\n \t<li><a class=\"ListTitleLink\" href=\"http:\/\/www.cen.eu\/cen\/Sectors\/Sectors\/ISSS\/Activity\/Pages\/XBRL.aspx\" target=\"_blank\" rel=\"noopener noreferrer\">CEN XBRL kick-off meeting<\/a>, <span style=\"color: #000000;\">May 30, 2012<\/span><\/li>\n \t<li><a class=\"ListTitleLink\" href=\"http:\/\/eurofiling.info\/15th_workshop\/Programme%20XBRL%20Seminar%202930%20May%20Final.docx\" target=\"_blank\" rel=\"noopener noreferrer\">Cross-Sector Seminar on XBRL (supervisors only)<\/a>, Madrid, <span style=\"color: #000000;\">May 29, 2012<\/span><\/li>\n \t<li><a class=\"ListTitleLink\" href=\"http:\/\/24wcars.inonu.edu.tr\/en-index.html\" target=\"_blank\" rel=\"noopener noreferrer\">24th World Continuous Auditing and Reporting Symposium<\/a>, <span style=\"color: #000000;\">Turkey, May 3, 2012<\/span><\/li>\n \t<li><a class=\"ListTitleLink\" href=\"http:\/\/www.informaglobalevents.com\/event\/IFRS-XBRL-conference-2011\" target=\"_blank\" rel=\"noopener noreferrer\">IFRS Taxonomy Annual Convention 2012<\/a><span style=\"color: #000000;\">, London, April 25, 2012<\/span><\/li>\n \t<li><a class=\"ListTitleLink\" href=\"http:\/\/eurofiling.info\/EIOPAXBRLEuropeSeminarTallin2012\/\" target=\"_blank\" rel=\"noopener noreferrer\">EIOPA XBRL Europe Seminar<\/a>, Tallinn, <span style=\"color: #000000;\">April 11, 2012<\/span><\/li>\n \t<li><a class=\"ListTitleLink\" href=\"http:\/\/www2.xbrl.org\/\/eu\/20110928Luxembourg\/index.html\" target=\"_blank\" rel=\"noopener noreferrer\">8th XBRL Europe day<\/a><span style=\"color: #000000;\">, Luxembourg, September 28, 2011<\/span><\/li>\n \t<li><a class=\"ListTitleLink\" href=\"http:\/\/eurofiling.info\/14th_workshop\/index.html\" target=\"_blank\" rel=\"noopener noreferrer\">XIV European Banking Supervisors XBRL Workshop<\/a>, London, <span style=\"color: #000000;\">March 30, 2011<\/span><\/li>\n \t<li><a class=\"ListTitleLink\" href=\"http:\/\/xbrl.org\/Home\/IFRS%20Convention.pdf\" target=\"_blank\" rel=\"noopener noreferrer\">IFRS Taxonomy Annual Convention<\/a>, <span style=\"color: #000000;\">London, March 29, 2011<\/span><\/li>\n \t<li><a class=\"ListTitleLink\" href=\"http:\/\/www.xbrl.org\/eu\/20110302Rome\/index.html\" target=\"_blank\" rel=\"noopener noreferrer\">XBRL Europe Day<\/a>, <span style=\"color: #000000;\">Rome, March 2, 2011<\/span><\/li>\n \t<li><a class=\"ListTitleLink\" href=\"http:\/\/eurofiling.info\/13th_workshop\/index.html\" target=\"_blank\" rel=\"noopener noreferrer\">XIII European Banking Supervisors XBRL Workshop<\/a>, Luxembourg, <span style=\"color: #000000;\">November 24, 2010<\/span><\/li>\n \t<li><a class=\"ListTitleLink\" href=\"http:\/\/conference.xbrl.org\" target=\"_blank\" rel=\"noopener noreferrer\">21st XBRL International conference<\/a>, <span style=\"color: #000000;\">Beijing, October 19, 2010<\/span><\/li>\n \t<li><a class=\"ListTitleLink\" href=\"http:\/\/www.xbrl.org\/eu\/20100921Paris\/index.html\" target=\"_blank\" rel=\"noopener noreferrer\">XBRL Europe Day<\/a>, <span style=\"color: #000000;\">Paris, September 21, 2010<\/span><\/li>\n \t<li><a class=\"ListTitleLink\" href=\"http:\/\/www.eurofiling.info\/12th_workshop\/index.html\" target=\"_blank\" rel=\"noopener noreferrer\">XII European Banking Supervisors XBRL Workshop<\/a><span style=\"color: #000000;\">, Rome, April 23, 2010<\/span><\/li>\n \t<li><a class=\"ListTitleLink\" href=\"http:\/\/conference.xbrl.org\" target=\"_blank\" rel=\"noopener noreferrer\">20th XBRL International Conference<\/a>,\u00a0 <span style=\"color: #000000;\">April 20, 2010<\/span><\/li>\n \t<li><a class=\"ListTitleLink\" href=\"http:\/\/www.xbrl.org\/eu\/20100218Brussels\/index.html\" target=\"_blank\" rel=\"noopener noreferrer\">XBRL Europe Day <\/a><span style=\"color: #000000;\">, February 18, 2010<\/span><\/li>\n \t<li><a class=\"ListTitleLink\" href=\"http:\/\/www.xbrl.es\/vcongresoxbrl\/\" target=\"_blank\" rel=\"noopener noreferrer\">5th XBRL Spain Conference<\/a>, <span style=\"color: #000000;\">February 3, 2010<\/span><\/li>\n \t<li><a class=\"ListTitleLink\" href=\"http:\/\/www.eurofiling.info\/11th_workshop\/11th_Workshop.html\" target=\"_blank\" rel=\"noopener noreferrer\">XI European Banking Supervisors XBRL Workshop,<\/a> <span style=\"color: #000000;\"> November 16, 2009<\/span><\/li>\n \t<li><a class=\"ListTitleLink\" href=\"http:\/\/www.xbrl.org\/eu\/20091020Brussels\/index.html\" target=\"_blank\" rel=\"noopener noreferrer\">XBRL Europe Plenary Meeting<\/a><span style=\"color: #000000;\">, Brussels, October 20, 2009<\/span><\/li>\n \t<li><a class=\"ListTitleLink\" href=\"http:\/\/conference.xbrl.org\" target=\"_blank\" rel=\"noopener noreferrer\">19th XBRL International Conference<\/a>, Paris, <span style=\"color: #000000;\">June 23, 2009<\/span><\/li>\n \t<li><a class=\"ListTitleLink\" href=\"http:\/\/www.eurofiling.info\/10th_workshop\/10th_Workshop.html\" target=\"_blank\" rel=\"noopener noreferrer\">X European Banking Supervisors XBRL Workshop<\/a>, <span style=\"color: #000000;\">Paris, April 23, 2009<\/span><\/li>\n \t<li><a class=\"ListTitleLink\" href=\"http:\/\/www.xbrl.org\/eu\/20090129Brussels\/index.html\" target=\"_blank\" rel=\"noopener noreferrer\">XBRL Europe Plenary Session, Brussels<\/a><span style=\"color: #000000;\">, January 29, 2009<\/span><\/li>\n \t<li><a class=\"ListTitleLink\" href=\"http:\/\/18thconference.xbrl.org\/\" target=\"_blank\" rel=\"noopener noreferrer\">18th XBRL International Conference<\/a><span style=\"color: #000000;\">, Washington DC, October 15, 2008<\/span><\/li>\n \t<li>XBRL Europe F2F and General Assembly, Paris, <span style=\"color: #000000;\">September 29, 2008<\/span><\/li>\n \t<li><a class=\"ListTitleLink\" href=\"http:\/\/www.corep.info\/9th_workshop\/9th_Workshop.html\" target=\"_blank\" rel=\"noopener noreferrer\">IX European Banking Supervisors XBRL Workshop<\/a>, <span style=\"color: #000000;\">Paris, September 29, 2008<\/span><\/li>\n \t<li>XBRL European Jurisdictions meeting at IASCF, London, <span style=\"color: #000000;\">June 13, 2008<\/span><\/li>\n \t<li><a class=\"ListTitleLink\" href=\"http:\/\/17thconference.xbrl.org\" target=\"_blank\" rel=\"noopener noreferrer\">17th XBRL International Conference<\/a>, <span style=\"color: #000000;\">Eindhoven, May 5, 2008<\/span><\/li>\n \t<li><a class=\"ListTitleLink\" href=\"http:\/\/16thconference.xbrl.org\/\" target=\"_blank\" rel=\"noopener noreferrer\">16th XBRL International Conference<\/a>, <span style=\"color: #000000;\">Vancouver, December 3, 2007<\/span><\/li>\n \t<li><a class=\"ListTitleLink\" href=\"http:\/\/www.corep.info\/8th_workshop\/8th_Workshop.html\" target=\"_blank\" rel=\"noopener noreferrer\">VIII European Banking Supervisors XBRL Workshop<\/a>, <span style=\"color: #000000;\">Amsterdam, November 6, 2007<\/span><\/li>\n \t<li><a class=\"ListTitleLink\" href=\"http:\/\/15thconference.xbrl.org\/\" target=\"_blank\" rel=\"noopener noreferrer\">15th XBRL International Conference\u00a0<\/a>, <span style=\"color: #000000;\">Munich, June 4, 2007<\/span><\/li>\n \t<li><a class=\"ListTitleLink\" href=\"http:\/\/www.corep.info\/7th_workshop\/7th_Workshop.htm\" target=\"_blank\" rel=\"noopener noreferrer\">VII European Banking Supervisors XBRL Workshop<\/a>, <span style=\"color: #000000;\">Munich, May 9, 2007<\/span><\/li>\n \t<li><a class=\"ListTitleLink\" href=\"http:\/\/14thconference.xbrl.org\/\" target=\"_blank\" rel=\"noopener noreferrer\">14th XBRL International Conference<\/a>, Philadelphia, <span style=\"color: #000000;\">December 1, 2006<\/span><\/li>\n \t<li><a class=\"ListTitleLink\" href=\"http:\/\/www.corep.info\/6th_workshop\/6th_workshop.htm\" target=\"_blank\" rel=\"noopener noreferrer\">VI European Banking Supervisors XBRL Workshop<\/a>, <span style=\"color: #000000;\">Madrid, October 4, 2006<\/span><\/li>\n \t<li><a class=\"ListTitleLink\" href=\"http:\/\/www.corep.info\/5th_workshop\/5th_workshop.htm\" target=\"_blank\" rel=\"noopener noreferrer\">V European Banking Supervisors XBRL Workshop<\/a>, <span style=\"color: #000000;\">Madrid, May 19, 2006<\/span><\/li>\n \t<li><a class=\"ListTitleLink\" href=\"http:\/\/www.xbrl.org\/nmpxbrl.aspx?id=131\" target=\"_blank\" rel=\"noopener noreferrer\">13th XBRL International Conference<\/a>, <span style=\"color: #000000;\">Madrid, May 16, 2006<\/span><\/li>\n \t<li><a class=\"ListTitleLink\" href=\"http:\/\/www.corep.info\/4th_workshop\/4th_Workshop.htm\" target=\"_blank\" rel=\"noopener noreferrer\">IV European Banking Supervisors XBRL Workshop<\/a><span style=\"color: #000000;\">, Madrid, anuary 30, 2006<\/span><\/li>\n \t<li><a class=\"ListTitleLink\" href=\"http:\/\/xbrl.org\/eu\/paris\/\" target=\"_blank\" rel=\"noopener noreferrer\">1st XBRL France Public Event<\/a>, <span style=\"color: #000000;\">Paris, January 17, 2006<\/span><\/li>\n \t<li><a class=\"ListTitleLink\" href=\"http:\/\/www.xbrl.org\/nmpxbrl.aspx?id=128\" target=\"_blank\" rel=\"noopener noreferrer\">12th XBRL International Conference<\/a>, <span style=\"color: #000000;\">Tokyo, November 7, 2005<\/span><\/li>\n \t<li><a class=\"ListTitleLink\" href=\"http:\/\/www.corep.info\/3rd_workshop\/3rd_workshop.html\" target=\"_blank\" rel=\"noopener noreferrer\">III European Banking Supervisors XBRL Workshop<\/a><span style=\"color: #000000;\">, Brussels, September 13, 2005<\/span><\/li>\n \t<li><a class=\"ListTitleLink\" href=\"http:\/\/www.abo.fi\/instut\/iamsr\/xbrlsem\/\" target=\"_blank\" rel=\"noopener noreferrer\">XBRL in Finland<\/a>, Helsinki, <span style=\"color: #000000;\">June 8, 2005<\/span><\/li>\n \t<li><a class=\"ListTitleLink\" href=\"http:\/\/www.xbrl.org\/nmpxbrl.aspx?id=122\" target=\"_blank\" rel=\"noopener noreferrer\">11th XBRL International Conference,<\/a> <span style=\"color: #000000;\">Boston, April 29, 2005<\/span><\/li>\n \t<li><a class=\"ListTitleLink\" href=\"http:\/\/www.xbrl.org\/nmpxbrl.aspx?id=107\" target=\"_blank\" rel=\"noopener noreferrer\">10th XBRL International Conference,<\/a> <span style=\"color: #000000;\">Brussels, November 1, 2004<\/span><\/li>\n<\/ul><!-- \/wp:post-content -->","protected":false},"excerpt":{"rendered":"<p>XBRL International, its jurisdictions and XBRL Europe sponsor regular meetings, conferences, training sessions, workshops and symposiums throughout the year. Should you have &#8211; or wish to have &#8211; further details, please contact us. Data Amplified Virtual &#8211; 11 December 2025 Digital Reporting in Europe (Frankfurt, 3-5 June 2025) Webinar: Unlocking the Power of XBRL for [&hellip;]<\/p>\n","protected":false},"author":1,"featured_media":0,"parent":290,"menu_order":15,"comment_status":"open","ping_status":"open","template":"","meta":{"iawp_total_views":638,"footnotes":""},"tags":[],"class_list":["post-164","page","type-page","status-publish","hentry"],"_links":{"self":[{"href":"https:\/\/www.xbrleurope.org\/index.php?rest_route=\/wp\/v2\/pages\/164","targetHints":{"allow":["GET"]}}],"collection":[{"href":"https:\/\/www.xbrleurope.org\/index.php?rest_route=\/wp\/v2\/pages"}],"about":[{"href":"https:\/\/www.xbrleurope.org\/index.php?rest_route=\/wp\/v2\/types\/page"}],"author":[{"embeddable":true,"href":"https:\/\/www.xbrleurope.org\/index.php?rest_route=\/wp\/v2\/users\/1"}],"replies":[{"embeddable":true,"href":"https:\/\/www.xbrleurope.org\/index.php?rest_route=%2Fwp%2Fv2%2Fcomments&post=164"}],"version-history":[{"count":35,"href":"https:\/\/www.xbrleurope.org\/index.php?rest_route=\/wp\/v2\/pages\/164\/revisions"}],"predecessor-version":[{"id":8178,"href":"https:\/\/www.xbrleurope.org\/index.php?rest_route=\/wp\/v2\/pages\/164\/revisions\/8178"}],"up":[{"embeddable":true,"href":"https:\/\/www.xbrleurope.org\/index.php?rest_route=\/wp\/v2\/pages\/290"}],"wp:attachment":[{"href":"https:\/\/www.xbrleurope.org\/index.php?rest_route=%2Fwp%2Fv2%2Fmedia&parent=164"}],"wp:term":[{"taxonomy":"post_tag","embeddable":true,"href":"https:\/\/www.xbrleurope.org\/index.php?rest_route=%2Fwp%2Fv2%2Ftags&post=164"}],"curies":[{"name":"wp","href":"https:\/\/api.w.org\/{rel}","templated":true}]}}