{"id":345,"date":"2013-11-23T15:23:25","date_gmt":"2013-11-23T14:23:25","guid":{"rendered":"http:\/\/web.xbrleurope.org\/?p=345"},"modified":"2025-08-30T09:30:12","modified_gmt":"2025-08-30T07:30:12","slug":"general-assemblies","status":"publish","type":"page","link":"https:\/\/www.xbrleurope.org\/?page_id=345","title":{"rendered":"General Assemblies"},"content":{"rendered":"<p><span style=\"font-size: 18px;\"><strong>General Assembly 2025<\/strong><\/span><\/p>\n<p>This meeting cas held in Frankfurt the 4th of June 2025 at the European Central Bank during the Digital Reporting in Europe\/ 33 rd XBRL Europe conference in Frankfurt am Main<\/p>\n<p>Find the <a href=\"https:\/\/www.xbrleurope.org\/wp-content\/uploads\/2025\/08\/20250604-XBRL-Europe-Management-Report-2024.pdf\">Management Report for 2024<\/a> presented at the General Assembly in Frankfurt<\/p>\n<p><span style=\"font-size: 18px;\"><strong>General Assembly 2024<\/strong><\/span><\/p>\n<p>This meeting was held in Malta the 23rd of May 2024 at Hotel Phoenicia during the 32nd XBRL Europe Conference in Valletta.<\/p>\n<p>Find the<a href=\"https:\/\/www.xbrleurope.org\/wp-content\/uploads\/2025\/08\/20240523-XBRL-Europe-Management-Report-2023VF1.pdf\"> Management Report for 2023<\/a> presented at the General Assembly in Valletta<\/p>\n<p><span style=\"font-size: 18px;\"><strong>General Assembly 2023<\/strong><\/span><\/p>\n<p>This meeting was held in Rome the 22nd of May 2023 at the Salone Margheria, Via dei Due Macelli 75, 00187 Rome, duringt the 31st XBRL Europe Conference<\/p>\n<p>Find the <a href=\"https:\/\/www.xbrleurope.org\/wp-content\/uploads\/2023\/08\/20230522-XBRL-Europe-Management-Report-2022VF.pdf\">Management Report for 2022<\/a>\u00a0presented at the General Assembly in Rome<\/p>\n<p><strong>General Assembly 2022<\/strong><\/p>\n<p>The meeting was held in Paris the 13rd of June 2021 in the premises of the ACPR Banque de France, 26 Rue de Londres 75009 Paris, during the 30th XBRL Europe Week in Paris.<\/p>\n<p>Find the <a href=\"https:\/\/www.xbrleurope.org\/wp-content\/uploads\/2023\/08\/20220613-XBRL-Europe-Management-Report-2021VF.pdf\">Management Report for 2021<\/a> presented at the General Assembly in Paris<\/p>\n<p><strong>General Assembly 2021<\/strong><\/p>\n<p>The meeting was held by video conference GoToMeeting the 21st of June 2021, during the 28th XBRL Europe Digital Week<\/p>\n<p>Find the <a href=\"https:\/\/www.xbrleurope.org\/wp-content\/uploads\/2023\/08\/20210621-XBRL-Europe-Management-Report-2020VFinal.pdf\">Management Report for 2020<\/a> presented by video conference GoToMeeting<\/p>\n<p><span style=\"font-size: 18px;\"><strong>General Assembly 2020<\/strong><\/span><\/p>\n<p>The meeting was held by video conference GoToMeeting the 17st of June 2020, during the 25th XBRL Europe Digital Week<\/p>\n<p>Find the <a href=\"https:\/\/www.xbrleurope.org\/wp-content\/uploads\/2023\/08\/20200617-XBRL-Europe-Management-Report-2019.pdf\">Management Report for 2019<\/a> presented by video conference GoToMeeting<\/p>\n<p><span style=\"font-size: 18px;\"><strong>General Assembly 2019 <\/strong><\/span><\/p>\n<p>The meeting was held in Paris the 28th of May 2019 in the premises of the ACPR Banque de France, 26 Rue de Londres 75009 Paris, during the 23rd XBRL Europe Week in Paris.<\/p>\n<p>Find the <a href=\"https:\/\/www.xbrleurope.org\/wp-content\/uploads\/2020\/04\/20190528-XBRL-Europe-Management-Report-2018.pdf\" target=\"_blank\" rel=\"noopener noreferrer\">Management Report for 2018<\/a> presented at the General Assembly in Paris.<\/p>\n<hr \/>\n<p><span style=\"font-size: 18px;\"><strong>General Assembly 2018<br \/>\n<\/strong><\/span><\/p>\n<p>The meeting was held in Warsaw the <b>29<sup>th<\/sup> of May 2018<\/b> in the premises of the Warsaw Stock Exchange, Ksi\u0105\u017c\u0119ca 4, 00-498 Warszawa, during the XBRL Week in Warsaw.<\/p>\n<p>Find the <a href=\"\/\/www.xbrleurope.org\/wp-content\/uploads\/2018\/05\/XBRL-Europe-Management-Report-2017.pdf\" target=\"_blank\" rel=\"noopener noreferrer\">Management Report for 2017<\/a> presented at the General Assembly<\/p>\n<hr \/>\n<p><span style=\"font-size: 18px;\"><strong>General Assembly 2017<\/strong><\/span><\/p>\n<p>The meeting was held in Frankfurt the <strong>7<sup>th<\/sup> of June 2017<\/strong> in the premises of the \u00a0European Central Bank, ECB Building, Sonnemannstrasse 20, during the XBRL Week in Frankfurt.<\/p>\n<p>Find the <a href=\"https:\/\/www.xbrleurope.org\/wp-content\/uploads\/2013\/11\/ManagementReport_XBRL_Europe_year_2016.pdf\" target=\"_blank\" rel=\"noopener noreferrer\">Management Report for 2016<\/a> presented at the General Assembly<\/p>\n<hr \/>\n<p><span style=\"font-size: 18px;\"><strong>General Assembly 2016<\/strong><\/span><\/p>\n<p>The meeting was held in Frankfurt the <strong>2<sup>nd<\/sup> of June 2016<\/strong> in the premises in the \u00a0European Central Bank, ECB Building, Sonnemannstrasse 20, during the XBRL Week in Frankfurt.<\/p>\n<p>Find the <a href=\"http:\/\/web.xbrleurope.org\/wp-content\/uploads\/2013\/11\/ManagementReport_XBRL_Europe_year_2015.pdf\" target=\"_blank\" rel=\"noopener noreferrer\">Management Report for 2015<\/a> presented at the General Assembly<\/p>\n<hr \/>\n<p><span style=\"font-size: 18px;\"><strong>General Assembly 2015<\/strong><\/span><\/p>\n<p>The meeting was held in Madrid in the premises of the Spanish Business Register &#8211; Alcal\u00e1 540, Madrid, on <strong>1<sup>st<\/sup> of June 2015<\/strong> from 14:00 to 17:00 Day during the XBRL Europe week in Madrid co-hosted by Eurofiling, XBRL Spain and Europe XBRL.<\/p>\n<p>Find the <a href=\"http:\/\/web.xbrleurope.org\/wp-content\/uploads\/2013\/11\/ManagementReport_XBRL_Europe_year_2014VF.pdf\" target=\"_blank\" rel=\"noopener noreferrer\">Management Report for 2014<\/a> presented at the General Assembly<\/p>\n<hr \/>\n<p><span style=\"font-size: 18px;\"><strong>General Assembly 2014<\/strong><\/span><\/p>\n<p>The meeting was held in the premises of Cofindustria &#8211; Viale dell&#8217;Astronomia, 30 &#8211; ROMA, at the 13<sup>th<\/sup> XBRL Europe Day during the XBRL week in Rome co-hosted by Eurofiling, XBRL Italy and Europe XBRL, the <strong>6<sup>th<\/sup> of May 2014<\/strong> from 8:00 to 9:00.<\/p>\n<p>Find the <a href=\"http:\/\/web.xbrleurope.org\/wp-content\/uploads\/2013\/11\/ManagementReport_XBRL_Europe_year_2013VF.pdf\" target=\"_blank\" rel=\"noopener noreferrer\">Management Report for 2013<\/a> presented at the General Assembly<\/p>\n<hr \/>\n<p><span style=\"font-size: 18px;\"><strong>General Assembly 2013<\/strong><\/span><\/p>\n<p>The meeting was held in London Canary Wharf in the premises of the Financial Conduct Authority of the UK, during the 11<sup>th<\/sup> XBRL Europe Day during the week of London co-hosted by Eurofiling, XBRL UK and Europe XBRL, the <strong>18th of June 2013<\/strong> from 13:00 to 14:00.<\/p>\n<p>Find the <a href=\"http:\/\/web.xbrleurope.org\/wp-content\/uploads\/2013\/11\/ManagementReport-XBRL-Europe-year-2012VF.pdf\" target=\"_blank\" rel=\"noopener noreferrer\">Management Report for 2012<\/a> presented at the General Assembly<\/p>\n","protected":false},"excerpt":{"rendered":"<p>General Assembly 2025 This meeting cas held in Frankfurt the 4th of June 2025 at the European Central Bank during the Digital Reporting in Europe\/ 33 rd XBRL Europe conference in Frankfurt am Main Find the Management Report for 2024 presented at the General Assembly in Frankfurt General Assembly 2024 This meeting was held in [&hellip;]<\/p>\n","protected":false},"author":1,"featured_media":0,"parent":141,"menu_order":2,"comment_status":"closed","ping_status":"closed","template":"my-templates\/full-width.php","meta":{"iawp_total_views":110,"footnotes":""},"tags":[],"class_list":["post-345","page","type-page","status-publish","hentry"],"_links":{"self":[{"href":"https:\/\/www.xbrleurope.org\/index.php?rest_route=\/wp\/v2\/pages\/345","targetHints":{"allow":["GET"]}}],"collection":[{"href":"https:\/\/www.xbrleurope.org\/index.php?rest_route=\/wp\/v2\/pages"}],"about":[{"href":"https:\/\/www.xbrleurope.org\/index.php?rest_route=\/wp\/v2\/types\/page"}],"author":[{"embeddable":true,"href":"https:\/\/www.xbrleurope.org\/index.php?rest_route=\/wp\/v2\/users\/1"}],"replies":[{"embeddable":true,"href":"https:\/\/www.xbrleurope.org\/index.php?rest_route=%2Fwp%2Fv2%2Fcomments&post=345"}],"version-history":[{"count":25,"href":"https:\/\/www.xbrleurope.org\/index.php?rest_route=\/wp\/v2\/pages\/345\/revisions"}],"predecessor-version":[{"id":8067,"href":"https:\/\/www.xbrleurope.org\/index.php?rest_route=\/wp\/v2\/pages\/345\/revisions\/8067"}],"up":[{"embeddable":true,"href":"https:\/\/www.xbrleurope.org\/index.php?rest_route=\/wp\/v2\/pages\/141"}],"wp:attachment":[{"href":"https:\/\/www.xbrleurope.org\/index.php?rest_route=%2Fwp%2Fv2%2Fmedia&parent=345"}],"wp:term":[{"taxonomy":"post_tag","embeddable":true,"href":"https:\/\/www.xbrleurope.org\/index.php?rest_route=%2Fwp%2Fv2%2Ftags&post=345"}],"curies":[{"name":"wp","href":"https:\/\/api.w.org\/{rel}","templated":true}]}}